{"id":533,"date":"2025-04-22T22:02:39","date_gmt":"2025-04-22T22:02:39","guid":{"rendered":"https:\/\/www.poppersona.com\/product\/jax-boomflap-estp-sticker\/"},"modified":"2025-04-24T21:16:57","modified_gmt":"2025-04-24T21:16:57","slug":"jax-boomflap-estp-sticker","status":"publish","type":"product","link":"https:\/\/www.poppersona.com\/de\/produkt\/jax-boomflap-estp-sticker\/","title":{"rendered":"Jax Boomflap (ESTP) Sticker"},"content":{"rendered":"<p>Jax Boomflap is 70% adrenaline, 20% charm, and 10% \u201coops.\u201d This sticker captures Jax mid-strategy (a.k.a. improvising wildly), fully confident, slightly scuffed, and probably banned from at least one trampoline park.<\/p>\n<p>Stick them on gear that needs speed, swagger, or just a little chaos with a wink.<\/p>\n<p>Diese Aufkleber sind auf strapazierf\u00e4higem, stark deckendem Haftvinyl gedruckt, was sie perfekt f\u00fcr den regelm\u00e4\u00dfigen Gebrauch macht, sowie zum \u00dcberkleben anderer Aufkleber oder Farbschichten. Das hochwertige Vinyl sorgt daf\u00fcr, dass sich beim Anbringen der Aufkleber keine Blasen bilden.<\/p>\n<p>\u2022 Hohe Opazit\u00e4t von Folie, die unm\u00f6glich durchzusehen ist<br \/>\n\u2022 Schnelle und einfache blasenfreie Anbringung<br \/>\n\u2022 Strapazierf\u00e4higes Vinyl<br \/>\n95\u00b5 Dichte<\/p>\n<p>Vergessen Sie nicht, die Oberfl\u00e4che vor dem Anbringen des Aufklebers zu reinigen.<\/p>\n<p>Altersbeschr\u00e4nkungen: F\u00fcr Erwachsene<br \/>\nEU-Garantie: 2 Jahre<\/p>\n<p>In \u00dcbereinstimmung mit der Verordnung \u00fcber die allgemeine Produktsicherheit (GPSR), <b>Lowbit Studio GmbH<\/b> Und <b>SINDEN VENTURES LIMITED<\/b> stellen Sie sicher, dass alle angebotenen Verbraucherprodukte sicher sind und den EU-Standards entsprechen. F\u00fcr Anfragen oder Bedenken bez\u00fcglich der Produktsicherheit wenden Sie sich bitte an unseren EU-Vertreter unter <b>gpsr@sindenventures.com<\/b>. Sie k\u00f6nnen uns auch schreiben unter <b>522 W. Riverside Ave. Ste N, Spokane, WA 98201<\/b> oder<b> Markou Evgenikou 11, Mesa Geitonia, 4002, Limassol, Zypern.<b><\/b><\/b><\/p>","protected":false},"excerpt":{"rendered":"<p>Jax Boomflap is 70% adrenaline, 20% charm, and 10% \u201coops.\u201d This sticker captures Jax mid-strategy (a.k.a. improvising wildly), fully confident, slightly scuffed, and probably banned from at least one trampoline park. Stick them on gear that needs speed, swagger, or just a little chaos with a wink. These stickers are printed on durable, high opacity [&hellip;]<\/p>\n","protected":false},"featured_media":629,"template":"","meta":[],"product_brand":[],"product_cat":[28,32,25,35],"product_tag":[58,73,45,51,52],"class_list":{"0":"post-533","1":"product","2":"type-product","3":"status-publish","4":"has-post-thumbnail","6":"product_cat-chaosnugs","7":"product_cat-extrovert","8":"product_cat-poppersonas","9":"product_cat-stickers","10":"product_tag-chaosnugs","11":"product_tag-estp","12":"product_tag-decisions","13":"product_tag-monsterart","14":"product_tag-sticker","15":"product_shipping_class-stickers","17":"first","18":"instock","19":"taxable","20":"shipping-taxable","21":"purchasable","22":"product-type-variable"},"_links":{"self":[{"href":"https:\/\/www.poppersona.com\/de\/wp-json\/wp\/v2\/product\/533","targetHints":{"allow":["GET"]}}],"collection":[{"href":"https:\/\/www.poppersona.com\/de\/wp-json\/wp\/v2\/product"}],"about":[{"href":"https:\/\/www.poppersona.com\/de\/wp-json\/wp\/v2\/types\/product"}],"wp:featuredmedia":[{"embeddable":true,"href":"https:\/\/www.poppersona.com\/de\/wp-json\/wp\/v2\/media\/629"}],"wp:attachment":[{"href":"https:\/\/www.poppersona.com\/de\/wp-json\/wp\/v2\/media?parent=533"}],"wp:term":[{"taxonomy":"product_brand","embeddable":true,"href":"https:\/\/www.poppersona.com\/de\/wp-json\/wp\/v2\/product_brand?post=533"},{"taxonomy":"product_cat","embeddable":true,"href":"https:\/\/www.poppersona.com\/de\/wp-json\/wp\/v2\/product_cat?post=533"},{"taxonomy":"product_tag","embeddable":true,"href":"https:\/\/www.poppersona.com\/de\/wp-json\/wp\/v2\/product_tag?post=533"}],"curies":[{"name":"wp","href":"https:\/\/api.w.org\/{rel}","templated":true}]}}