{"id":513,"date":"2025-04-22T21:49:33","date_gmt":"2025-04-22T21:49:33","guid":{"rendered":"https:\/\/www.poppersona.com\/product\/zibble-von-wigglecrank-entp-sticker\/"},"modified":"2025-04-24T21:16:35","modified_gmt":"2025-04-24T21:16:35","slug":"zibble-von-wigglecrank-entp-sticker","status":"publish","type":"product","link":"https:\/\/www.poppersona.com\/es\/producto\/zibble-von-wigglecrank-entp-sticker\/","title":{"rendered":"Zibble Von Wigglecrank (ENTP) Sticker"},"content":{"rendered":"<p>Zibble Von Wigglecrank is a brilliant blur of ideas, enthusiasm, and semi-controlled detours. This sticker captures them mid-thought, mid-scheme, and mid-way through convincing someone to join a business that doesn\u2019t technically exist yet.<\/p>\n<p>Ideal for laptops, journals, or anything that needs a jolt of charming unpredictability. Caution: may inspire spontaneous projects.<\/p>\n<p>Estas calcoman\u00edas est\u00e1n impresas en vinilo adhesivo duradero y de alta opacidad, lo que las hace perfectas para uso regular, as\u00ed como para cubrir otras calcoman\u00edas o pintura. El vinilo de alta calidad asegura que no haya burbujas al aplicar las calcoman\u00edas.<\/p>\n<p>\u2022 Pel\u00edcula de alta opacidad que es imposible ver a trav\u00e9s<br \/>\n\u2022 Aplicaci\u00f3n r\u00e1pida y f\u00e1cil sin burbujas<br \/>\n\u2022 Vinilo duradero<br \/>\n\u2022 Densidad de 95\u00b5<\/p>\n<p>No olvides limpiar la superficie antes de aplicar la pegatina.<\/p>\n<p>Restricciones de edad: Para adultos<br \/>\nGarant\u00eda de la UE: 2 a\u00f1os<\/p>\n<p>En cumplimiento con el Reglamento General de Seguridad de Productos (GPSR), <b>Lowbit Studio LLC<\/b> y <b>SINDEN VENTURES LIMITED<\/b> asegurar que todos los productos de consumo ofrecidos sean seguros y cumplan con los est\u00e1ndares de la UE. Para consultas o inquietudes relacionadas con la seguridad del producto, por favor contacte a nuestro representante en la UE en <b>gpsr@sindenventures.com<\/b>. Tambi\u00e9n puedes escribirnos a <b>522 W. Riverside Ave. Ste N, Spokane, WA 98201<\/b> o<b> Markou Evgenikou 11, Mesa Geitonia, 4002, Limassol, Chipre.<b><\/b><\/b><\/p>","protected":false},"excerpt":{"rendered":"<p>Zibble Von Wigglecrank is a brilliant blur of ideas, enthusiasm, and semi-controlled detours. This sticker captures them mid-thought, mid-scheme, and mid-way through convincing someone to join a business that doesn\u2019t technically exist yet. Ideal for laptops, journals, or anything that needs a jolt of charming unpredictability. Caution: may inspire spontaneous projects. These stickers are printed [&hellip;]<\/p>\n","protected":false},"featured_media":625,"template":"","meta":[],"product_brand":[],"product_cat":[26,32,33,25,35],"product_tag":[56,62,51,39,52],"class_list":{"0":"post-513","1":"product","2":"type-product","3":"status-publish","4":"has-post-thumbnail","6":"product_cat-thinkerdinks","7":"product_cat-extrovert","8":"product_cat-overthinkers","9":"product_cat-poppersonas","10":"product_cat-stickers","11":"product_tag-thinkerdinks","12":"product_tag-entp","13":"product_tag-monsterart","14":"product_tag-overthinker","15":"product_tag-sticker","16":"product_shipping_class-stickers","18":"first","19":"instock","20":"taxable","21":"shipping-taxable","22":"purchasable","23":"product-type-variable"},"_links":{"self":[{"href":"https:\/\/www.poppersona.com\/es\/wp-json\/wp\/v2\/product\/513","targetHints":{"allow":["GET"]}}],"collection":[{"href":"https:\/\/www.poppersona.com\/es\/wp-json\/wp\/v2\/product"}],"about":[{"href":"https:\/\/www.poppersona.com\/es\/wp-json\/wp\/v2\/types\/product"}],"wp:featuredmedia":[{"embeddable":true,"href":"https:\/\/www.poppersona.com\/es\/wp-json\/wp\/v2\/media\/625"}],"wp:attachment":[{"href":"https:\/\/www.poppersona.com\/es\/wp-json\/wp\/v2\/media?parent=513"}],"wp:term":[{"taxonomy":"product_brand","embeddable":true,"href":"https:\/\/www.poppersona.com\/es\/wp-json\/wp\/v2\/product_brand?post=513"},{"taxonomy":"product_cat","embeddable":true,"href":"https:\/\/www.poppersona.com\/es\/wp-json\/wp\/v2\/product_cat?post=513"},{"taxonomy":"product_tag","embeddable":true,"href":"https:\/\/www.poppersona.com\/es\/wp-json\/wp\/v2\/product_tag?post=513"}],"curies":[{"name":"wp","href":"https:\/\/api.w.org\/{rel}","templated":true}]}}