{"id":560,"date":"2025-04-22T22:25:14","date_gmt":"2025-04-22T22:25:14","guid":{"rendered":"https:\/\/www.poppersona.com\/product\/nana-bloop-isfj-sticker\/"},"modified":"2025-04-24T21:17:45","modified_gmt":"2025-04-24T21:17:45","slug":"calcomania-nana-bloop-isfj","status":"publish","type":"product","link":"https:\/\/www.poppersona.com\/es\/producto\/calcomania-nana-bloop-isfj\/","title":{"rendered":"Calcoman\u00eda de Nana Bloop (ISFJ)"},"content":{"rendered":"<p>Nana Bloop es el tipo de monstruo que recuerda tu cumplea\u00f1os, tus alergias y ese miedo infantil extra\u00f1o que mencionaste de pasada una vez. Esta calcoman\u00eda captura a Nana en su elemento: discretamente solidaria, profundamente confiable y emocionalmente preparada para los sentimientos de todos los dem\u00e1s.<\/p>\n<p>Ponla en cualquier lugar que necesite consuelo, calma o un deseo abrumador de ver c\u00f3mo est\u00e1n tus amigos.<\/p>\n<p>Estas calcoman\u00edas est\u00e1n impresas en vinilo adhesivo duradero y de alta opacidad, lo que las hace perfectas para uso regular, as\u00ed como para cubrir otras calcoman\u00edas o pintura. El vinilo de alta calidad asegura que no haya burbujas al aplicar las calcoman\u00edas.<\/p>\n<p>\u2022 Pel\u00edcula de alta opacidad que es imposible ver a trav\u00e9s<br \/>\n\u2022 Aplicaci\u00f3n r\u00e1pida y f\u00e1cil sin burbujas<br \/>\n\u2022 Vinilo duradero<br \/>\n\u2022 Densidad de 95\u00b5<\/p>\n<p>No olvides limpiar la superficie antes de aplicar la pegatina.<\/p>\n<p>Restricciones de edad: Para adultos<br \/>\nGarant\u00eda de la UE: 2 a\u00f1os<\/p>\n<p>En cumplimiento con el Reglamento General de Seguridad de Productos (GPSR), <b>Lowbit Studio LLC<\/b> y <b>SINDEN VENTURES LIMITED<\/b> asegurar que todos los productos de consumo ofrecidos sean seguros y cumplan con los est\u00e1ndares de la UE. Para consultas o inquietudes relacionadas con la seguridad del producto, por favor contacte a nuestro representante en la UE en <b>gpsr@sindenventures.com<\/b>. Tambi\u00e9n puedes escribirnos a <b>522 W. Riverside Ave. Ste N, Spokane, WA 98201<\/b> o<b> Markou Evgenikou 11, Mesa Geitonia, 4002, Limassol, Chipre.<b><\/b><\/b><\/p>","protected":false},"excerpt":{"rendered":"<p>Nana Bloop is the kind of monster who remembers your birthday, your allergies, and that one weird childhood fear you casually mentioned once. This sticker captures Nana in their element: quietly supportive, deeply reliable, and emotionally prepared for everyone else\u2019s feelings. Stick her anywhere that needs comfort, calm, or an overwhelming urge to check on [&hellip;]<\/p>\n","protected":false},"featured_media":634,"template":"","meta":[],"product_brand":[],"product_cat":[29,34,31,25,35],"product_tag":[75,45,68,51,52],"class_list":{"0":"post-560","1":"product","2":"type-product","3":"status-publish","4":"has-post-thumbnail","6":"product_cat-quibblings","7":"product_cat-emotional","8":"product_cat-introvert","9":"product_cat-poppersonas","10":"product_cat-stickers","11":"product_tag-quibblings","12":"product_tag-decisions","13":"product_tag-isfj","14":"product_tag-monsterart","15":"product_tag-sticker","16":"product_shipping_class-stickers","18":"first","19":"instock","20":"taxable","21":"shipping-taxable","22":"purchasable","23":"product-type-variable"},"_links":{"self":[{"href":"https:\/\/www.poppersona.com\/es\/wp-json\/wp\/v2\/product\/560","targetHints":{"allow":["GET"]}}],"collection":[{"href":"https:\/\/www.poppersona.com\/es\/wp-json\/wp\/v2\/product"}],"about":[{"href":"https:\/\/www.poppersona.com\/es\/wp-json\/wp\/v2\/types\/product"}],"wp:featuredmedia":[{"embeddable":true,"href":"https:\/\/www.poppersona.com\/es\/wp-json\/wp\/v2\/media\/634"}],"wp:attachment":[{"href":"https:\/\/www.poppersona.com\/es\/wp-json\/wp\/v2\/media?parent=560"}],"wp:term":[{"taxonomy":"product_brand","embeddable":true,"href":"https:\/\/www.poppersona.com\/es\/wp-json\/wp\/v2\/product_brand?post=560"},{"taxonomy":"product_cat","embeddable":true,"href":"https:\/\/www.poppersona.com\/es\/wp-json\/wp\/v2\/product_cat?post=560"},{"taxonomy":"product_tag","embeddable":true,"href":"https:\/\/www.poppersona.com\/es\/wp-json\/wp\/v2\/product_tag?post=560"}],"curies":[{"name":"wp","href":"https:\/\/api.w.org\/{rel}","templated":true}]}}