{"id":575,"date":"2025-04-22T22:38:37","date_gmt":"2025-04-22T22:38:37","guid":{"rendered":"https:\/\/www.poppersona.com\/product\/clint-wrenchhands-istp-sticker\/"},"modified":"2025-04-24T21:18:01","modified_gmt":"2025-04-24T21:18:01","slug":"clint-wrenchhands-istp-pegatina","status":"publish","type":"product","link":"https:\/\/www.poppersona.com\/es\/producto\/clint-wrenchhands-istp-pegatina\/","title":{"rendered":"Sticker de Clint Wrenchhands (ISTP)"},"content":{"rendered":"<p>Clint Wrenchhands no est\u00e1 aqu\u00ed para hablar de ello, est\u00e1 aqu\u00ed para arreglarlo, en silencio, probablemente con una multiherramienta que no sab\u00edas que ten\u00eda. Esta pegatina captura a Clint entrecerrando los ojos, medio solucionando y emocionalmente distante de una manera reconfortante.<\/p>\n<p>Perfecto para cajas de herramientas, botellas de agua o cualquier superficie que pueda usar una energ\u00eda tranquila y capaz y un misterioso tintineo.<\/p>\n<p>Estas calcoman\u00edas est\u00e1n impresas en vinilo adhesivo duradero y de alta opacidad, lo que las hace perfectas para uso regular, as\u00ed como para cubrir otras calcoman\u00edas o pintura. El vinilo de alta calidad asegura que no haya burbujas al aplicar las calcoman\u00edas.<\/p>\n<p>\u2022 Pel\u00edcula de alta opacidad que es imposible ver a trav\u00e9s<br \/>\n\u2022 Aplicaci\u00f3n r\u00e1pida y f\u00e1cil sin burbujas<br \/>\n\u2022 Vinilo duradero<br \/>\n\u2022 Densidad de 95\u00b5<\/p>\n<p>No olvides limpiar la superficie antes de aplicar la pegatina.<\/p>\n<p>Restricciones de edad: Para adultos<br \/>\nGarant\u00eda de la UE: 2 a\u00f1os<\/p>\n<p>En cumplimiento con el Reglamento General de Seguridad de Productos (GPSR), <b>Lowbit Studio LLC<\/b> y <b>SINDEN VENTURES LIMITED<\/b> asegurar que todos los productos de consumo ofrecidos sean seguros y cumplan con los est\u00e1ndares de la UE. Para consultas o inquietudes relacionadas con la seguridad del producto, por favor contacte a nuestro representante en la UE en <b>gpsr@sindenventures.com<\/b>. Tambi\u00e9n puedes escribirnos a <b>522 W. Riverside Ave. Ste N, Spokane, WA 98201<\/b> o<b> Markou Evgenikou 11, Mesa Geitonia, 4002, Limassol, Chipre.<b><\/b><\/b><\/p>","protected":false},"excerpt":{"rendered":"<p>Clint Wrenchhands isn\u2019t here to talk about it\u2014he\u2019s here to fix it, silently, probably with a multitool you didn\u2019t know he had. This sticker captures Clint mid-squint, mid-solution, and emotionally distant in a comforting way. Perfect for toolboxes, water bottles, or any surface that could use a calm, capable energy and a mysterious rattle. These [&hellip;]<\/p>\n","protected":false},"featured_media":637,"template":"","meta":[],"product_brand":[],"product_cat":[28,31,25,35],"product_tag":[58,71,51,39,52],"class_list":{"0":"post-575","1":"product","2":"type-product","3":"status-publish","4":"has-post-thumbnail","6":"product_cat-chaosnugs","7":"product_cat-introvert","8":"product_cat-poppersonas","9":"product_cat-stickers","10":"product_tag-chaosnugs","11":"product_tag-istp","12":"product_tag-monsterart","13":"product_tag-overthinker","14":"product_tag-sticker","15":"product_shipping_class-stickers","17":"first","18":"instock","19":"taxable","20":"shipping-taxable","21":"purchasable","22":"product-type-variable"},"_links":{"self":[{"href":"https:\/\/www.poppersona.com\/es\/wp-json\/wp\/v2\/product\/575","targetHints":{"allow":["GET"]}}],"collection":[{"href":"https:\/\/www.poppersona.com\/es\/wp-json\/wp\/v2\/product"}],"about":[{"href":"https:\/\/www.poppersona.com\/es\/wp-json\/wp\/v2\/types\/product"}],"wp:featuredmedia":[{"embeddable":true,"href":"https:\/\/www.poppersona.com\/es\/wp-json\/wp\/v2\/media\/637"}],"wp:attachment":[{"href":"https:\/\/www.poppersona.com\/es\/wp-json\/wp\/v2\/media?parent=575"}],"wp:term":[{"taxonomy":"product_brand","embeddable":true,"href":"https:\/\/www.poppersona.com\/es\/wp-json\/wp\/v2\/product_brand?post=575"},{"taxonomy":"product_cat","embeddable":true,"href":"https:\/\/www.poppersona.com\/es\/wp-json\/wp\/v2\/product_cat?post=575"},{"taxonomy":"product_tag","embeddable":true,"href":"https:\/\/www.poppersona.com\/es\/wp-json\/wp\/v2\/product_tag?post=575"}],"curies":[{"name":"wp","href":"https:\/\/api.w.org\/{rel}","templated":true}]}}