{"id":1038,"date":"2025-04-24T22:04:44","date_gmt":"2025-04-24T22:04:44","guid":{"rendered":"https:\/\/www.poppersona.com\/product\/embrace-your-weirdness-poppersona-t-shirt-unisex\/"},"modified":"2025-04-25T01:18:58","modified_gmt":"2025-04-25T01:18:58","slug":"t-shirt-unisexe-embrace-your-weirdness-poppersona","status":"publish","type":"product","link":"https:\/\/www.poppersona.com\/fr\/produit\/t-shirt-unisexe-embrace-your-weirdness-poppersona\/","title":{"rendered":"Adoptez votre bizarrerie \u2013 T-shirt Poppersona"},"content":{"rendered":"<p>Voici : la d\u00e9claration la plus douce d'\u00e9nergie glorieuse et d\u00e9cal\u00e9e que vous porterez jamais. Avec un petit monstre glorieusement maladroit et la phrase \u201c Embrace Your Weirdness \u201d (Assume ta singularit\u00e9), ce t-shirt s'adresse aux audacieux, aux timides, et \u00e0 tous ceux dont l'\u00e9nergie \u00e9motionnelle est aliment\u00e9e par des snacks et des bonnes ondes.<br \/>\n- Art inspir\u00e9 de l'aquarelle avec une \u00e9nergie espi\u00e8gle et adorable.<br \/>\nImprim\u00e9 sur un t-shirt doux et confortable, id\u00e9al pour les c\u00e2lins.<br \/>\n- Id\u00e9al pour les introvertis, les extravertis et les hybrides confus.<br \/>\n- Excellent amorce de conversation ou moyen de d\u00e9tourner la conversation.<\/p>\n<p>Portez-le fi\u00e8rement. Portez-le bizarrement. SoyezOddlyVous. Cet article a une coupe unisexe \u2014 doux, confortable, et fait pour devenir votre nouvel article pr\u00e9f\u00e9r\u00e9. Nous vous recommandons de consulter le guide des tailles avant de commander, surtout si vous \u00eates entre deux tailles ou si vous aimez un style plus ample.<\/p>\n<p>Le t-shirt classique unisexe en coton 100% vous permettra d&#x27;adopter un look plus structur\u00e9. Il tombe parfaitement, conserve des lignes nettes sur les bords et s&#x27;accorde \u00e0 merveille avec les tenues streetwear superpos\u00e9es. En plus, il est super tendance en ce moment !<\/p>\n<p>\u2022 Coton 100%<br \/>\n\u2022 Le mod\u00e8le Sport Grey est compos\u00e9 de 90 % de coton et de 10 % de polyester<br \/>\n\u2022 Le gris cendr\u00e9 est compos\u00e9 de 99 % de coton et de 1 % de polyester<br \/>\n\u2022 Les couleurs \u00ab Heather \u00bb sont disponibles en coton 50% et en polyester 50%<br \/>\n\u2022 Poids du tissu : 5,0-5,3 oz\/yd\u00b2 (170-180 g\/m\u00b2)<br \/>\n\u2022 fil\u00e9 \u00e0 continuously open<br \/>\n\u2022 Tissu tubulaire<br \/>\n\u2022 Cou et \u00e9paules coll\u00e9s<br \/>\n\u2022 Double couture aux manches et \u00e0 l'ourlet inf\u00e9rieur<br \/>\n\u2022 Produit vierge provenant du Honduras, du Nicaragua, d'Ha\u00efti, de la R\u00e9publique dominicaine, du Bangladesh, du Mexique<\/p>\n<p>Avis de non-responsabilit\u00e9 :<br \/>\nEn raison des propri\u00e9t\u00e9s du tissu, la variante de couleur blanche peut appara\u00eetre blanc cass\u00e9 plut\u00f4t que blanc \u00e9clatant.<br \/>\n\u2022 Des mouchetures de couleur fonc\u00e9e dans tout le tissu sont attendues pour la couleur Naturel.<\/p>\n<p>Ce produit est fabriqu\u00e9 sp\u00e9cialement pour vous d\u00e8s que vous passez commande, c'est pourquoi il nous faut un peu plus de temps pour vous le livrer. Fabriquer des produits \u00e0 la demande plut\u00f4t qu'en grande quantit\u00e9 aide \u00e0 r\u00e9duire la surproduction, alors merci de faire des choix d'achat r\u00e9fl\u00e9chis !<\/p>\n<p>Restrictions d'\u00e2ge : Pour adultes<br \/>\nGarantie UE : 2 ans<br \/>\nAutres informations de conformit\u00e9 : Conforme aux exigences relatives aux niveaux d'inflammabilit\u00e9, de plomb, de cadmium, de phtalates et de formald\u00e9hyde.<\/p>\n<p>Conform\u00e9ment au r\u00e8glement g\u00e9n\u00e9ral sur la s\u00e9curit\u00e9 des produits (RGSP), <b>Lowbit Studio LLC<\/b> et <b>SINDEN VENTURES LIMITED<\/b> garantir que tous les produits de consommation propos\u00e9s sont s\u00fbrs et conformes aux normes de l'UE. Pour toute demande ou pr\u00e9occupation concernant la s\u00e9curit\u00e9 des produits, veuillez contacter notre repr\u00e9sentant de l'UE \u00e0 <b>gpsr@sindenventures.com<\/b>. Vous pouvez \u00e9galement nous \u00e9crire \u00e0 <b>522 W. Riverside Ave. Ste N, Spokane, WA 98201<\/b> ou<b> Markou Evgenikou 11, Mesa Geitonia, 4002, Limassol, Chypre.<b><\/b><\/b><\/p>","protected":false},"excerpt":{"rendered":"<p>Behold: the softest declaration of glorious, offbeat energy you\u2019ll ever wear. Featuring a gloriously awkward little monster and the phrase \u201cEmbrace Your Weirdness,\u201d this tee is for the bold, the bashful, and anyone emotionally powered by snacks and vibes. - Watercolor-inspired art with sketchy, lovable energy. - Printed on a soft, comfortable tee that\u2019s hug-friendly. [&hellip;]<\/p>\n","protected":false},"featured_media":1137,"template":"","meta":[],"product_brand":[],"product_cat":[38,36],"product_tag":[],"class_list":{"0":"post-1038","1":"product","2":"type-product","3":"status-publish","4":"has-post-thumbnail","6":"product_cat-motivational","7":"product_cat-shirtsandhoodies","9":"first","10":"instock","11":"taxable","12":"shipping-taxable","13":"purchasable","14":"product-type-variable"},"_links":{"self":[{"href":"https:\/\/www.poppersona.com\/fr\/wp-json\/wp\/v2\/product\/1038","targetHints":{"allow":["GET"]}}],"collection":[{"href":"https:\/\/www.poppersona.com\/fr\/wp-json\/wp\/v2\/product"}],"about":[{"href":"https:\/\/www.poppersona.com\/fr\/wp-json\/wp\/v2\/types\/product"}],"wp:featuredmedia":[{"embeddable":true,"href":"https:\/\/www.poppersona.com\/fr\/wp-json\/wp\/v2\/media\/1137"}],"wp:attachment":[{"href":"https:\/\/www.poppersona.com\/fr\/wp-json\/wp\/v2\/media?parent=1038"}],"wp:term":[{"taxonomy":"product_brand","embeddable":true,"href":"https:\/\/www.poppersona.com\/fr\/wp-json\/wp\/v2\/product_brand?post=1038"},{"taxonomy":"product_cat","embeddable":true,"href":"https:\/\/www.poppersona.com\/fr\/wp-json\/wp\/v2\/product_cat?post=1038"},{"taxonomy":"product_tag","embeddable":true,"href":"https:\/\/www.poppersona.com\/fr\/wp-json\/wp\/v2\/product_tag?post=1038"}],"curies":[{"name":"wp","href":"https:\/\/api.w.org\/{rel}","templated":true}]}}